{"id":2345,"date":"2019-08-02T22:35:48","date_gmt":"2019-08-02T22:35:48","guid":{"rendered":"https:\/\/vozoperario.pt\/jornal\/?page_id=2345"},"modified":"2019-08-16T22:07:44","modified_gmt":"2019-08-16T22:07:44","slug":"faca-se-socio","status":"publish","type":"page","link":"https:\/\/vozoperario.pt\/jornal\/faca-se-socio\/","title":{"rendered":"Fa\u00e7a-se s\u00f3cio"},"content":{"rendered":"\n<div>\n\n\n\n<p><strong><em>A Voz dos trabalhadores e das popula\u00e7\u00f5es<\/em><\/strong><\/p>\n\n\n\n<p>O jornal A Voz do Oper\u00e1rio comemora 140 anos assumindo um papel \u00edmpar na imprensa nacional. A institui\u00e7\u00e3o por si criada, j\u00e1 com 136 anos, nunca renunciou aos objetivos e ideais dos ent\u00e3o oper\u00e1rios da ind\u00fastria tabaqueira em luta pela igualdade e a justi\u00e7a social. Com milhares de s\u00f3cios, ocupa um lugar insubstitu\u00edvel na cidade de Lisboa e na Margem Sul. Ser associado d\u2019A Voz do Oper\u00e1rio permite aceder a uma s\u00e9rie de servi\u00e7os, mas mais do que isso permite ser parte integrante de uma associa\u00e7\u00e3o centen\u00e1ria com um percurso j\u00e1 feito mas com um devir ainda por construir. Um futuro que pode ajudar a materializar.&nbsp;<\/p>\n\n\n\n<p><strong>As vantagens de ser s\u00f3cio!<\/strong><\/p>\n\n\n\n<h2 class=\"wp-block-heading\"><strong>Jornal<\/strong><\/h2>\n\n\n\n<p>Apoie a edi\u00e7\u00e3o da mais antiga publica\u00e7\u00e3o oper\u00e1ria portuguesa. O jornal que deu origem \u00e0 institui\u00e7\u00e3o e que nunca deixou de ser a voz dos trabalhadores com not\u00edcias sobre o pa\u00eds e o mundo com um olhar alternativo. Os s\u00f3cios recebem a edi\u00e7\u00e3o impressa via CTT<\/p>\n\n\n\n<h2 class=\"wp-block-heading\"><strong>Ensino<\/strong><\/h2>\n\n\n\n<p>A Voz do Oper\u00e1rio oferece servi\u00e7os desde o ber\u00e7\u00e1rio, creche e pr\u00e9-escolar (nas escolas da Gra\u00e7a, Baixa da Banheira, Restelo, Ajuda, Laranjeiro e Lavradio) at\u00e9 ao 1.\u00ba e 2.\u00ba ciclo (nas escolas da Gra\u00e7a e da Ajuda).<\/p>\n\n\n\n<p><strong>Apoio social<\/strong><\/p>\n\n\n\n<h2 class=\"wp-block-heading\"><strong>Servi\u00e7o de apoio domicili\u00e1rio<\/strong><\/h2>\n\n\n\n<p>A Voz do Oper\u00e1rio disp\u00f5e de um Servi\u00e7o de Apoio Domicili\u00e1rio (SAD), apoiado pelo Instituto de Seguran\u00e7a Social, que procura auxiliar as pessoas em situa\u00e7\u00e3o de depend\u00eancia na satisfa\u00e7\u00e3o das suas necessidades b\u00e1sicas. Com j\u00e1 alguns anos de experi\u00eancia, o SAD d\u2019A Voz do Oper\u00e1rio presta um conjunto de servi\u00e7os \u2013 Alimenta\u00e7\u00e3o, Higiene Pessoal, Higiene Habitacional, Tratamento de Roupas, entre outros \u2013 no domic\u00edlio habitual de vida dos utentes, promovendo a continuidade da sua autonomia e prevenindo o agravamento das suas situa\u00e7\u00f5es de depend\u00eancia.<\/p>\n\n\n\n<h2 class=\"wp-block-heading\"><strong>Centro de Conv\u00edvio<\/strong><\/h2>\n\n\n\n<p>O Centro de Conv\u00edvio d\u2019A Voz do Oper\u00e1rio, apoiado pelo Instituto da Seguran\u00e7a Social, funciona nos dias \u00fateis entre as 14h e as 18h, contribuindo para o envelhecimento ativo dos seus s\u00f3cios maiores de 55 anos. Esta resposta desenvolve junto dos seus utentes um leque alargado de actividades de acordo com os interesses e prefer\u00eancias dos que nelas participam.<\/p>\n\n\n\n<h2 class=\"wp-block-heading\"><strong>Refeit\u00f3rio social<\/strong><\/h2>\n\n\n\n<p>Insere-se na Rede Solid\u00e1ria de Cantinas Sociais &#8211; Programa de Emerg\u00eancia Alimentar. O apoio do Instituto da Seguran\u00e7a Social abrange, nesta medida, 100 utentes, sendo que a pr\u00f3pria institui\u00e7\u00e3o assegura um n\u00famero superior de refei\u00e7\u00f5es, ocasionado pela elevada procura de apoio alimentar.<\/p>\n\n\n\n<h2 class=\"wp-block-heading\"><strong>Servi\u00e7o de psicologia para a comunidade<\/strong><\/h2>\n\n\n\n<p>Foi criado com o objetivo de permitir o acesso a consultas, avalia\u00e7\u00f5es e tratamentos em psicologia a pessoas com todo v\u00e1rios tipos de capacidade econ\u00f3mica. \u00c9 um servi\u00e7o pr\u00f3ximo da popula\u00e7\u00e3o, com hor\u00e1rios flex\u00edveis e pre\u00e7os adaptados aos rendimentos de cada um.&nbsp;<\/p>\n\n\n\n<h2 class=\"wp-block-heading\"><strong>Cultura e Desporto<\/strong><\/h2>\n\n\n\n<p>A oferta est\u00e1 dispon\u00edvel n\u00e3o s\u00f3 para os alunos das escolas da Gra\u00e7a, Ajuda e Restelo mas tamb\u00e9m para as comunidades envolventes. Inclui ballet, capoeira karat\u00e9, judo, guitarra, anima\u00e7\u00e3o, m\u00fasica tradicional, teatro, dan\u00e7a, express\u00e3o pl\u00e1stica, yoga, esgrima lusitana, guitarra, ingl\u00eas, costura, futebol e pr\u00e1tica de jogos de tabuleiro.<\/p>\n\n\n\n<p>A Voz do Oper\u00e1rio pretende ainda reabrir a sua Biblioteca Social ao p\u00fablico tendo como base a preserva\u00e7\u00e3o do seu esp\u00f3lio. O objetivo final \u00e9 criar uma biblioteca dos movimentos sociais. Uma biblioteca para a hist\u00f3ria dos movimentos sociais permitir\u00e1 reunir fontes e bibliografia em torno da hist\u00f3ria do movimento oper\u00e1rio e de pr\u00e1ticas associativas e em torno do mundo do trabalho. Tamb\u00e9m de fontes e bibliografia de movimentos e pr\u00e1ticas de coopera\u00e7\u00e3o e mutualismo, para quest\u00f5es como a sa\u00fade, a educa\u00e7\u00e3o, a alimenta\u00e7\u00e3o e o lazer.<\/p>\n\n\n\n<h2 class=\"wp-block-heading\"><strong>Protocolos<\/strong><\/h2>\n\n\n\n<p>Os s\u00f3cios d\u2019A Voz do Oper\u00e1rio t\u00eam ainda descontos na Farm\u00e1cia Almeida Dias, Farm\u00e1cia Mor\u00e3o e na Ag\u00eancia Funer\u00e1ria Domingos e Diniz<\/p>\n\n\n\n<p><strong><i>Junte-se a n\u00f3s! Apoio esta hist\u00f3ria carregada de futuro.<\/i><\/strong><\/p><\/div><div role=\"form\" class=\"wpcf7\" id=\"wpcf7-f2346-o1\" lang=\"pt-PT\" dir=\"ltr\">\n<div class=\"screen-reader-response\"><\/div>\n<form action=\"\/jornal\/wp-json\/wp\/v2\/pages\/2345#wpcf7-f2346-o1\" method=\"post\" class=\"wpcf7-form\" novalidate=\"novalidate\">\n<div style=\"display: none;\">\n<input type=\"hidden\" name=\"_wpcf7\" value=\"2346\" \/>\n<input type=\"hidden\" name=\"_wpcf7_version\" value=\"5.1.1\" \/>\n<input type=\"hidden\" name=\"_wpcf7_locale\" value=\"pt_PT\" \/>\n<input type=\"hidden\" name=\"_wpcf7_unit_tag\" value=\"wpcf7-f2346-o1\" \/>\n<input type=\"hidden\" name=\"_wpcf7_container_post\" value=\"0\" \/>\n<input type=\"hidden\" name=\"g-recaptcha-response\" value=\"\" \/>\n<\/div>\n<p><label>Nome (obrigat\u00f3rio)<br \/>\n    <span class=\"wpcf7-form-control-wrap your-name\"><input type=\"text\" name=\"your-name\" value=\"\" size=\"40\" class=\"wpcf7-form-control wpcf7-text wpcf7-validates-as-required\" aria-required=\"true\" aria-invalid=\"false\" \/><\/span> <\/label><\/p>\n<p><label>Data de nascimento (obrigat\u00f3rio)<br \/>\n    <span class=\"wpcf7-form-control-wrap your-birthday\"><input type=\"date\" name=\"your-birthday\" value=\"\" class=\"wpcf7-form-control wpcf7-date wpcf7-validates-as-required wpcf7-validates-as-date\" aria-required=\"true\" aria-invalid=\"false\" \/><\/span> <\/label><\/p>\n<p><label>Cart\u00e3o de Cidad\u00e3o (obrigat\u00f3rio)<br \/>\n    <span class=\"wpcf7-form-control-wrap your-cc\"><input type=\"number\" name=\"your-cc\" value=\"\" class=\"wpcf7-form-control wpcf7-number wpcf7-validates-as-required wpcf7-validates-as-number\" aria-required=\"true\" aria-invalid=\"false\" \/><\/span> <\/label><\/p>\n<p><label>NIF (obrigat\u00f3rio)<br \/>\n    <span class=\"wpcf7-form-control-wrap your-nif\"><input type=\"text\" name=\"your-nif\" value=\"\" size=\"40\" class=\"wpcf7-form-control wpcf7-text wpcf7-validates-as-required\" aria-required=\"true\" aria-invalid=\"false\" \/><\/span> <\/label><\/p>\n<p><label>Morada (obrigat\u00f3rio)<br \/>\n    <span class=\"wpcf7-form-control-wrap your-morada\"><input type=\"text\" name=\"your-morada\" value=\"\" size=\"40\" class=\"wpcf7-form-control wpcf7-text wpcf7-validates-as-required\" aria-required=\"true\" aria-invalid=\"false\" \/><\/span> <\/label><\/p>\n<p><label>Localidade (obrigat\u00f3rio)<br \/>\n    <span class=\"wpcf7-form-control-wrap your-localidade\"><input type=\"text\" name=\"your-localidade\" value=\"\" size=\"40\" class=\"wpcf7-form-control wpcf7-text wpcf7-validates-as-required\" aria-required=\"true\" aria-invalid=\"false\" \/><\/span> <\/label><\/p>\n<p><label>C\u00f3digo Postal (obrigat\u00f3rio)<br \/>\n    <span class=\"wpcf7-form-control-wrap your-codigopostal\"><input type=\"text\" name=\"your-codigopostal\" value=\"\" size=\"40\" class=\"wpcf7-form-control wpcf7-text wpcf7-validates-as-required\" aria-required=\"true\" aria-invalid=\"false\" \/><\/span> <\/label><\/p>\n<p><label>Pa\u00eds (obrigat\u00f3rio)<br \/>\n    <span class=\"wpcf7-form-control-wrap your-pais\"><input type=\"text\" name=\"your-pais\" value=\"\" size=\"40\" class=\"wpcf7-form-control wpcf7-text wpcf7-validates-as-required\" aria-required=\"true\" aria-invalid=\"false\" \/><\/span> <\/label><\/p>\n<p><label>Telefone (obrigat\u00f3rio)<br \/>\n    <span class=\"wpcf7-form-control-wrap your-telefone\"><input type=\"tel\" name=\"your-telefone\" value=\"\" size=\"40\" class=\"wpcf7-form-control wpcf7-text wpcf7-tel wpcf7-validates-as-tel\" aria-invalid=\"false\" \/><\/span><\/label><\/p>\n<p><label>Email (obrigat\u00f3rio)<br \/>\n    <span class=\"wpcf7-form-control-wrap your-email\"><input type=\"email\" name=\"your-email\" value=\"\" size=\"40\" class=\"wpcf7-form-control wpcf7-text wpcf7-email wpcf7-validates-as-required wpcf7-validates-as-email\" aria-required=\"true\" aria-invalid=\"false\" \/><\/span> <\/label><\/p>\n<p><label>Profiss\u00e3o<br \/>\n    <span class=\"wpcf7-form-control-wrap your-profissao\"><input type=\"text\" name=\"your-profissao\" value=\"\" size=\"40\" class=\"wpcf7-form-control wpcf7-text\" aria-invalid=\"false\" \/><\/span> <\/label><\/p>\n<p><input type=\"submit\" value=\"Submeter\" class=\"wpcf7-form-control wpcf7-submit\" \/><\/p>\n<p>A quota anual d'A Voz do Oper\u00e1rio tem o valor de 18\u20ac (acresce a inscri\u00e7\u00e3o de 2,5\u20ac, para impress\u00e3o do cart\u00e3o de s\u00f3cio). Entraremos em contacto para operacionalizar o modo de pagamento.<\/p>\n<p style=\"display: none !important;\"><label>&#916;<textarea name=\"_wpcf7_ak_hp_textarea\" cols=\"45\" rows=\"8\" maxlength=\"100\"><\/textarea><\/label><input type=\"hidden\" id=\"ak_js_1\" name=\"_wpcf7_ak_js\" value=\"174\"\/><script>document.getElementById( \"ak_js_1\" ).setAttribute( \"value\", ( new Date() ).getTime() );<\/script><\/p><div class=\"wpcf7-response-output wpcf7-display-none\"><\/div><\/form><\/div>\n","protected":false},"excerpt":{"rendered":"<p>A Voz dos trabalhadores e das popula\u00e7\u00f5es O jornal A Voz do Oper\u00e1rio comemora 140 anos assumindo um papel \u00edmpar na imprensa nacional. A institui\u00e7\u00e3o por si criada, j\u00e1 com 136 anos, nunca renunciou aos objetivos e ideais dos ent\u00e3o oper\u00e1rios da ind\u00fastria tabaqueira em luta pela igualdade e a justi\u00e7a social. Com milhares de &hellip; <a href=\"https:\/\/vozoperario.pt\/jornal\/faca-se-socio\/\" class=\"more-link\">Continue reading <span class=\"screen-reader-text\">Fa\u00e7a-se s\u00f3cio<\/span><\/a><\/p>\n","protected":false},"author":9,"featured_media":0,"parent":0,"menu_order":0,"comment_status":"closed","ping_status":"closed","template":"","meta":[],"coauthors":[],"acf":[],"_links":{"self":[{"href":"https:\/\/vozoperario.pt\/jornal\/wp-json\/wp\/v2\/pages\/2345"}],"collection":[{"href":"https:\/\/vozoperario.pt\/jornal\/wp-json\/wp\/v2\/pages"}],"about":[{"href":"https:\/\/vozoperario.pt\/jornal\/wp-json\/wp\/v2\/types\/page"}],"author":[{"embeddable":true,"href":"https:\/\/vozoperario.pt\/jornal\/wp-json\/wp\/v2\/users\/9"}],"replies":[{"embeddable":true,"href":"https:\/\/vozoperario.pt\/jornal\/wp-json\/wp\/v2\/comments?post=2345"}],"version-history":[{"count":11,"href":"https:\/\/vozoperario.pt\/jornal\/wp-json\/wp\/v2\/pages\/2345\/revisions"}],"predecessor-version":[{"id":4801,"href":"https:\/\/vozoperario.pt\/jornal\/wp-json\/wp\/v2\/pages\/2345\/revisions\/4801"}],"wp:attachment":[{"href":"https:\/\/vozoperario.pt\/jornal\/wp-json\/wp\/v2\/media?parent=2345"}],"wp:term":[{"taxonomy":"author","embeddable":true,"href":"https:\/\/vozoperario.pt\/jornal\/wp-json\/wp\/v2\/coauthors?post=2345"}],"curies":[{"name":"wp","href":"https:\/\/api.w.org\/{rel}","templated":true}]}}